{"id":54,"date":"2023-01-26T15:59:12","date_gmt":"2023-01-26T14:59:12","guid":{"rendered":"http:\/\/nowa.an-medical.pl\/?p=54"},"modified":"2023-02-08T13:35:18","modified_gmt":"2023-02-08T12:35:18","slug":"szkolenia-dla-firm","status":"publish","type":"page","link":"http:\/\/an-medical.pl\/index.php\/szkolenia-dla-firm\/","title":{"rendered":"Szkolenia dla firm"},"content":{"rendered":"\n<p>To szkolenie, kt\u00f3ry ma na celu nauczy\u0107 uczestnika prowadzi\u0107 podstawowe czynno\u015bci ratuj\u0105ce \u017cycie oraz obs\u0142ugiwa\u0107 automatyczny defibrylator (AED). Program kursu zaplanowany jest tak, by obj\u0105\u0142 wszystkie najwa\u017cniejsze kwestie, kt\u00f3re osoba udzielaj\u0105ca pierwszej pomocy powinna wiedzie\u0107 i umie\u0107, albowiem to na niej, jako pierwszej na miejscu zdarzenia, spoczywa najwi\u0119ksza odpowiedzialno\u015b\u0107 za prze\u017cycie poszkodowanego. Dla ka\u017cdego klienta dostosowujemy tematyk\u0119 zaj\u0119\u0107 wed\u0142ug zapotrzebowania.<br>Zaj\u0119cia dla os\u00f3b prywatnych mog\u0105 si\u0119 odbywa\u0107 w miejscu zamieszkania zamawiaj\u0105cego.<\/p>\n\n\n\n<figure class=\"wp-block-gallery has-nested-images columns-5 is-cropped wp-block-gallery-1 is-layout-flex wp-block-gallery-is-layout-flex\">\n<figure class=\"wp-block-image size-large is-style-rounded\"><a href=\"http:\/\/an-medical.pl\/wp-content\/uploads\/2023\/01\/IMG_3997.jpg\"><img loading=\"lazy\" decoding=\"async\" width=\"1024\" height=\"1024\" data-id=\"167\" src=\"http:\/\/an-medical.pl\/wp-content\/uploads\/2023\/01\/IMG_3997-1024x1024.jpg\" alt=\"\" class=\"wp-image-167\" srcset=\"http:\/\/an-medical.pl\/wp-content\/uploads\/2023\/01\/IMG_3997-1024x1024.jpg 1024w, http:\/\/an-medical.pl\/wp-content\/uploads\/2023\/01\/IMG_3997-300x300.jpg 300w, http:\/\/an-medical.pl\/wp-content\/uploads\/2023\/01\/IMG_3997-150x150.jpg 150w, http:\/\/an-medical.pl\/wp-content\/uploads\/2023\/01\/IMG_3997-768x768.jpg 768w, http:\/\/an-medical.pl\/wp-content\/uploads\/2023\/01\/IMG_3997-1536x1536.jpg 1536w, http:\/\/an-medical.pl\/wp-content\/uploads\/2023\/01\/IMG_3997.jpg 1600w\" sizes=\"auto, (max-width: 1024px) 100vw, 1024px\" \/><\/a><\/figure>\n\n\n\n<figure class=\"wp-block-image size-large is-style-rounded\"><a href=\"http:\/\/an-medical.pl\/wp-content\/uploads\/2023\/01\/IMG_3994.jpg\"><img loading=\"lazy\" decoding=\"async\" width=\"1024\" height=\"1024\" data-id=\"166\" src=\"http:\/\/an-medical.pl\/wp-content\/uploads\/2023\/01\/IMG_3994-1024x1024.jpg\" alt=\"\" class=\"wp-image-166\" srcset=\"http:\/\/an-medical.pl\/wp-content\/uploads\/2023\/01\/IMG_3994-1024x1024.jpg 1024w, http:\/\/an-medical.pl\/wp-content\/uploads\/2023\/01\/IMG_3994-300x300.jpg 300w, http:\/\/an-medical.pl\/wp-content\/uploads\/2023\/01\/IMG_3994-150x150.jpg 150w, http:\/\/an-medical.pl\/wp-content\/uploads\/2023\/01\/IMG_3994-768x768.jpg 768w, http:\/\/an-medical.pl\/wp-content\/uploads\/2023\/01\/IMG_3994-1536x1536.jpg 1536w, http:\/\/an-medical.pl\/wp-content\/uploads\/2023\/01\/IMG_3994.jpg 1600w\" sizes=\"auto, (max-width: 1024px) 100vw, 1024px\" \/><\/a><\/figure>\n\n\n\n<figure class=\"wp-block-image size-large is-style-rounded\"><a href=\"http:\/\/an-medical.pl\/wp-content\/uploads\/2023\/01\/IMG_3993.jpg\"><img loading=\"lazy\" decoding=\"async\" width=\"1024\" height=\"1024\" data-id=\"165\" src=\"http:\/\/an-medical.pl\/wp-content\/uploads\/2023\/01\/IMG_3993-1024x1024.jpg\" alt=\"\" class=\"wp-image-165\" srcset=\"http:\/\/an-medical.pl\/wp-content\/uploads\/2023\/01\/IMG_3993-1024x1024.jpg 1024w, http:\/\/an-medical.pl\/wp-content\/uploads\/2023\/01\/IMG_3993-300x300.jpg 300w, http:\/\/an-medical.pl\/wp-content\/uploads\/2023\/01\/IMG_3993-150x150.jpg 150w, http:\/\/an-medical.pl\/wp-content\/uploads\/2023\/01\/IMG_3993-768x768.jpg 768w, http:\/\/an-medical.pl\/wp-content\/uploads\/2023\/01\/IMG_3993-1536x1536.jpg 1536w, http:\/\/an-medical.pl\/wp-content\/uploads\/2023\/01\/IMG_3993.jpg 1600w\" sizes=\"auto, (max-width: 1024px) 100vw, 1024px\" \/><\/a><\/figure>\n\n\n\n<figure class=\"wp-block-image size-large is-style-rounded\"><a href=\"http:\/\/an-medical.pl\/wp-content\/uploads\/2023\/01\/IMG_3990.jpg\"><img loading=\"lazy\" decoding=\"async\" width=\"1024\" height=\"1024\" data-id=\"164\" src=\"http:\/\/an-medical.pl\/wp-content\/uploads\/2023\/01\/IMG_3990-1024x1024.jpg\" alt=\"\" class=\"wp-image-164\" srcset=\"http:\/\/an-medical.pl\/wp-content\/uploads\/2023\/01\/IMG_3990-1024x1024.jpg 1024w, http:\/\/an-medical.pl\/wp-content\/uploads\/2023\/01\/IMG_3990-300x300.jpg 300w, http:\/\/an-medical.pl\/wp-content\/uploads\/2023\/01\/IMG_3990-150x150.jpg 150w, http:\/\/an-medical.pl\/wp-content\/uploads\/2023\/01\/IMG_3990-768x768.jpg 768w, http:\/\/an-medical.pl\/wp-content\/uploads\/2023\/01\/IMG_3990-1536x1536.jpg 1536w, http:\/\/an-medical.pl\/wp-content\/uploads\/2023\/01\/IMG_3990.jpg 1600w\" sizes=\"auto, (max-width: 1024px) 100vw, 1024px\" \/><\/a><\/figure>\n\n\n\n<figure class=\"wp-block-image size-large is-style-rounded\"><a href=\"http:\/\/an-medical.pl\/wp-content\/uploads\/2023\/01\/IMG_3989.jpg\"><img loading=\"lazy\" decoding=\"async\" width=\"1024\" height=\"1024\" data-id=\"163\" src=\"http:\/\/an-medical.pl\/wp-content\/uploads\/2023\/01\/IMG_3989-1024x1024.jpg\" alt=\"\" class=\"wp-image-163\" srcset=\"http:\/\/an-medical.pl\/wp-content\/uploads\/2023\/01\/IMG_3989-1024x1024.jpg 1024w, http:\/\/an-medical.pl\/wp-content\/uploads\/2023\/01\/IMG_3989-300x300.jpg 300w, http:\/\/an-medical.pl\/wp-content\/uploads\/2023\/01\/IMG_3989-150x150.jpg 150w, http:\/\/an-medical.pl\/wp-content\/uploads\/2023\/01\/IMG_3989-768x768.jpg 768w, http:\/\/an-medical.pl\/wp-content\/uploads\/2023\/01\/IMG_3989-1536x1536.jpg 1536w, http:\/\/an-medical.pl\/wp-content\/uploads\/2023\/01\/IMG_3989.jpg 1600w\" sizes=\"auto, (max-width: 1024px) 100vw, 1024px\" \/><\/a><\/figure>\n<\/figure>\n\n\n\n<p>W \u015bwietle art. 8 ust. 2 i 4 ustawy z dnia 8 wrze\u015bnia 2006 r. o Pa\u0144stwowym Ratownictwie Medycznym (tekst jedn. Dz. U. z 2020 r. poz. 882 z p\u00f3\u017an. zm.), zaj\u0119cia edukacyjne w zakresie udzielania pierwszej pomocy s\u0105 realizowane z udzia\u0142em:<br>1) lekarzy systemu,<br>2) piel\u0119gniarek systemu,<br>3) ratownik\u00f3w medycznych<br>4) nauczycieli posiadaj\u0105cych odpowiednie przygotowanie.&#8221;<\/p>\n\n\n\n<p>Za\u015bwiadczenie o uko\u0144czeniu kursu wydawane jest na podstawie \u00a7 18 ust. 2 Rozporz\u0105dzenia Ministra Edukacji Narodowej z dnia 18 sierpnia 2017 r. w sprawie kszta\u0142cenia ustawicznego w formach pozaszkolnych (Dz. U. poz. 1632). <\/p>\n\n\n\n<p>Link do zarz\u0105dzenia:<br>http:\/\/prawo.sejm.gov.pl\/isap.nsf\/download.xsp\/WDU20170001632\/O\/D20171632.pdf<br><\/p>\n\n\n\n<p><strong>TEMATYKA SZKOLENIA<\/strong><br>LP. TEMATYKA ZAJ\u0118\u0106<\/p>\n\n\n\n<ol class=\"wp-block-list\">\n<li>ASPEKTY PRAWNE PIERWSZEJ POMOCY<\/li>\n\n\n\n<li>OCENA SYTUACJI I ZABEZPIECZENIE MIEJSCA<br>ZDARZENIA<\/li>\n\n\n\n<li>OCENA STANU POSZKODOWANEGO I KONTROLA<br>CZYNNO\u015aCI \u017bYCIOWYCH,<br>BADANIE URAZOWE POSZKODOWANEGO<\/li>\n\n\n\n<li>WEZWANIE POMOCY<\/li>\n\n\n\n<li>POST\u0118POWANIE Z POSZKODOWANYM<br>NIEPRZYTOMNYM, POZYCJA BOCZNA BEZPIECZNA,<br>ODWRACANIE POSZKODOWANEGO Z BRZUCHA NA<br>PLECY<\/li>\n\n\n\n<li>RESUSCYTACJA KR\u0104\u017bENIOWO ODDECHOWA<br>DORO\u015aLI, DZIECI, NIEMOWL\u0118TA + U\u017bYCIE<br>DEFIBRYLATORA AED<\/li>\n\n\n\n<li>OMDLENIA, ZAWA\u0141 MI\u0118\u015aNIA SERCOWEGO,<br>PADACZKA, WSTRZ\u0104S, CUKRZYCA<\/li>\n\n\n\n<li>ZAKRZTUSZENIA, ZAD\u0141AWIENIA, PODTOPIENIA<\/li>\n\n\n\n<li>EWAKUACJA<\/li>\n\n\n\n<li>KRWOTOK, RANY, OPARZENIA, PORA\u017bENIE<br>PR\u0104DEM<\/li>\n\n\n\n<li>URAZY KOSTNO-STAWOWE<\/li>\n\n\n\n<li>U\u017b\u0104DLENIA, ZATRUCIA<\/li>\n\n\n\n<li>WYPOSA\u017bENIE APTECZKI<\/li>\n<\/ol>\n\n\n\n<p>Zaj\u0119cia s\u0105 prowadzone na najnowocze\u015bniejszym sprz\u0119cie dost\u0119pnym na rynku oraz zaj\u0119cia s\u0105 prowadzone przez ratownik\u00f3w medycznych, kt\u00f3rzy na codzie\u0144 pracuj\u0105 w zespo\u0142ach wyjazdowych, izbach przyj\u0119\u0107 czy SOR.<\/p>\n","protected":false},"excerpt":{"rendered":"<p>To szkolenie, kt\u00f3ry ma na celu nauczy\u0107 uczestnika prowadzi\u0107 podstawowe czynno\u015bci ratuj\u0105ce \u017cycie oraz obs\u0142ugiwa\u0107 automatyczny defibrylator (AED). Program kursu zaplanowany jest tak, by obj\u0105\u0142 wszystkie najwa\u017cniejsze kwestie, kt\u00f3re osoba udzielaj\u0105ca pierwszej pomocy powinna wiedzie\u0107 i umie\u0107, albowiem to na niej, jako pierwszej na miejscu zdarzenia, spoczywa najwi\u0119ksza odpowiedzialno\u015b\u0107 za prze\u017cycie poszkodowanego. Dla ka\u017cdego klienta<br \/><a class=\"moretag\" href=\"http:\/\/an-medical.pl\/index.php\/szkolenia-dla-firm\/\">+ Read More<\/a><\/p>\n","protected":false},"author":1,"featured_media":170,"parent":0,"menu_order":0,"comment_status":"closed","ping_status":"closed","template":"","meta":{"footnotes":""},"class_list":["post-54","page","type-page","status-publish","has-post-thumbnail","hentry"],"_links":{"self":[{"href":"http:\/\/an-medical.pl\/index.php\/wp-json\/wp\/v2\/pages\/54","targetHints":{"allow":["GET"]}}],"collection":[{"href":"http:\/\/an-medical.pl\/index.php\/wp-json\/wp\/v2\/pages"}],"about":[{"href":"http:\/\/an-medical.pl\/index.php\/wp-json\/wp\/v2\/types\/page"}],"author":[{"embeddable":true,"href":"http:\/\/an-medical.pl\/index.php\/wp-json\/wp\/v2\/users\/1"}],"replies":[{"embeddable":true,"href":"http:\/\/an-medical.pl\/index.php\/wp-json\/wp\/v2\/comments?post=54"}],"version-history":[{"count":3,"href":"http:\/\/an-medical.pl\/index.php\/wp-json\/wp\/v2\/pages\/54\/revisions"}],"predecessor-version":[{"id":212,"href":"http:\/\/an-medical.pl\/index.php\/wp-json\/wp\/v2\/pages\/54\/revisions\/212"}],"wp:featuredmedia":[{"embeddable":true,"href":"http:\/\/an-medical.pl\/index.php\/wp-json\/wp\/v2\/media\/170"}],"wp:attachment":[{"href":"http:\/\/an-medical.pl\/index.php\/wp-json\/wp\/v2\/media?parent=54"}],"curies":[{"name":"wp","href":"https:\/\/api.w.org\/{rel}","templated":true}]}}