{"id":39,"date":"2023-01-26T15:45:45","date_gmt":"2023-01-26T14:45:45","guid":{"rendered":"http:\/\/nowa.an-medical.pl\/?page_id=39"},"modified":"2023-02-10T08:32:48","modified_gmt":"2023-02-10T07:32:48","slug":"zabezpieczenia-medyczne","status":"publish","type":"page","link":"http:\/\/an-medical.pl\/index.php\/zabezpieczenia-medyczne\/","title":{"rendered":"Zabezpieczenia medyczne"},"content":{"rendered":"\n<p>Zabezpieczamy medycznie wydarzenia kulturowe, sportowe oraz imprezy masowe. Staramy si\u0119 dostosowa\u0107 konfiguracj\u0119 zespo\u0142\u00f3w do potrzeb wydarzenia i posi\u0142kujemy si\u0119 w tym Rozporz\u0105dzeniem Ministra Zdrowia z dnia 6 lutego 2012 r. w sprawie minimalnych wymaga\u0144 dotycz\u0105cych zabezpieczenia pod wzgl\u0119dem medycznym imprezy masowej.<\/p>\n\n\n\n<figure class=\"wp-block-gallery has-nested-images columns-6 is-cropped wp-block-gallery-1 is-layout-flex wp-block-gallery-is-layout-flex\">\n<figure class=\"wp-block-image size-large is-style-rounded\"><a href=\"http:\/\/an-medical.pl\/wp-content\/uploads\/2023\/01\/IMG_0814-scaled.jpg\"><img loading=\"lazy\" decoding=\"async\" width=\"1024\" height=\"768\" data-id=\"180\" src=\"http:\/\/an-medical.pl\/wp-content\/uploads\/2023\/01\/IMG_0814-1024x768.jpg\" alt=\"\" class=\"wp-image-180\" srcset=\"http:\/\/an-medical.pl\/wp-content\/uploads\/2023\/01\/IMG_0814-1024x768.jpg 1024w, http:\/\/an-medical.pl\/wp-content\/uploads\/2023\/01\/IMG_0814-300x225.jpg 300w, http:\/\/an-medical.pl\/wp-content\/uploads\/2023\/01\/IMG_0814-768x576.jpg 768w, http:\/\/an-medical.pl\/wp-content\/uploads\/2023\/01\/IMG_0814-1536x1152.jpg 1536w, http:\/\/an-medical.pl\/wp-content\/uploads\/2023\/01\/IMG_0814-2048x1536.jpg 2048w\" sizes=\"auto, (max-width: 1024px) 100vw, 1024px\" \/><\/a><\/figure>\n\n\n\n<figure class=\"wp-block-image size-large is-style-rounded\"><a href=\"http:\/\/an-medical.pl\/wp-content\/uploads\/2023\/01\/IMG_1322-scaled.jpg\"><img loading=\"lazy\" decoding=\"async\" width=\"1024\" height=\"768\" data-id=\"181\" src=\"http:\/\/an-medical.pl\/wp-content\/uploads\/2023\/01\/IMG_1322-1024x768.jpg\" alt=\"\" class=\"wp-image-181\" srcset=\"http:\/\/an-medical.pl\/wp-content\/uploads\/2023\/01\/IMG_1322-1024x768.jpg 1024w, http:\/\/an-medical.pl\/wp-content\/uploads\/2023\/01\/IMG_1322-300x225.jpg 300w, http:\/\/an-medical.pl\/wp-content\/uploads\/2023\/01\/IMG_1322-768x576.jpg 768w, http:\/\/an-medical.pl\/wp-content\/uploads\/2023\/01\/IMG_1322-1536x1152.jpg 1536w, http:\/\/an-medical.pl\/wp-content\/uploads\/2023\/01\/IMG_1322-2048x1536.jpg 2048w\" sizes=\"auto, (max-width: 1024px) 100vw, 1024px\" \/><\/a><\/figure>\n\n\n\n<figure class=\"wp-block-image size-large is-style-rounded\"><a href=\"http:\/\/an-medical.pl\/wp-content\/uploads\/2023\/01\/IMG_1459-scaled.jpg\"><img loading=\"lazy\" decoding=\"async\" width=\"1024\" height=\"768\" data-id=\"182\" src=\"http:\/\/an-medical.pl\/wp-content\/uploads\/2023\/01\/IMG_1459-1024x768.jpg\" alt=\"\" class=\"wp-image-182\" srcset=\"http:\/\/an-medical.pl\/wp-content\/uploads\/2023\/01\/IMG_1459-1024x768.jpg 1024w, http:\/\/an-medical.pl\/wp-content\/uploads\/2023\/01\/IMG_1459-300x225.jpg 300w, http:\/\/an-medical.pl\/wp-content\/uploads\/2023\/01\/IMG_1459-768x576.jpg 768w, http:\/\/an-medical.pl\/wp-content\/uploads\/2023\/01\/IMG_1459-1536x1152.jpg 1536w, http:\/\/an-medical.pl\/wp-content\/uploads\/2023\/01\/IMG_1459-2048x1536.jpg 2048w\" sizes=\"auto, (max-width: 1024px) 100vw, 1024px\" \/><\/a><\/figure>\n\n\n\n<figure class=\"wp-block-image size-large is-style-rounded\"><a href=\"http:\/\/an-medical.pl\/wp-content\/uploads\/2023\/01\/IMG_1870-scaled.jpg\"><img loading=\"lazy\" decoding=\"async\" width=\"1024\" height=\"768\" data-id=\"183\" src=\"http:\/\/an-medical.pl\/wp-content\/uploads\/2023\/01\/IMG_1870-1024x768.jpg\" alt=\"\" class=\"wp-image-183\" srcset=\"http:\/\/an-medical.pl\/wp-content\/uploads\/2023\/01\/IMG_1870-1024x768.jpg 1024w, http:\/\/an-medical.pl\/wp-content\/uploads\/2023\/01\/IMG_1870-300x225.jpg 300w, http:\/\/an-medical.pl\/wp-content\/uploads\/2023\/01\/IMG_1870-768x576.jpg 768w, http:\/\/an-medical.pl\/wp-content\/uploads\/2023\/01\/IMG_1870-1536x1152.jpg 1536w, http:\/\/an-medical.pl\/wp-content\/uploads\/2023\/01\/IMG_1870-2048x1536.jpg 2048w\" sizes=\"auto, (max-width: 1024px) 100vw, 1024px\" \/><\/a><\/figure>\n\n\n\n<figure class=\"wp-block-image size-large is-style-rounded\"><a href=\"http:\/\/an-medical.pl\/wp-content\/uploads\/2023\/01\/IMG_2285-scaled.jpg\"><img loading=\"lazy\" decoding=\"async\" width=\"1024\" height=\"578\" data-id=\"184\" src=\"http:\/\/an-medical.pl\/wp-content\/uploads\/2023\/01\/IMG_2285-1024x578.jpg\" alt=\"\" class=\"wp-image-184\" srcset=\"http:\/\/an-medical.pl\/wp-content\/uploads\/2023\/01\/IMG_2285-1024x578.jpg 1024w, http:\/\/an-medical.pl\/wp-content\/uploads\/2023\/01\/IMG_2285-300x169.jpg 300w, http:\/\/an-medical.pl\/wp-content\/uploads\/2023\/01\/IMG_2285-768x433.jpg 768w, http:\/\/an-medical.pl\/wp-content\/uploads\/2023\/01\/IMG_2285-1536x867.jpg 1536w, http:\/\/an-medical.pl\/wp-content\/uploads\/2023\/01\/IMG_2285-2048x1155.jpg 2048w\" sizes=\"auto, (max-width: 1024px) 100vw, 1024px\" \/><\/a><\/figure>\n\n\n\n<figure class=\"wp-block-image size-large is-style-rounded\"><a href=\"http:\/\/an-medical.pl\/wp-content\/uploads\/2023\/01\/IMG_2773-scaled.jpg\"><img loading=\"lazy\" decoding=\"async\" width=\"1024\" height=\"768\" data-id=\"185\" src=\"http:\/\/an-medical.pl\/wp-content\/uploads\/2023\/01\/IMG_2773-1024x768.jpg\" alt=\"\" class=\"wp-image-185\" srcset=\"http:\/\/an-medical.pl\/wp-content\/uploads\/2023\/01\/IMG_2773-1024x768.jpg 1024w, http:\/\/an-medical.pl\/wp-content\/uploads\/2023\/01\/IMG_2773-300x225.jpg 300w, http:\/\/an-medical.pl\/wp-content\/uploads\/2023\/01\/IMG_2773-768x576.jpg 768w, http:\/\/an-medical.pl\/wp-content\/uploads\/2023\/01\/IMG_2773-1536x1152.jpg 1536w, http:\/\/an-medical.pl\/wp-content\/uploads\/2023\/01\/IMG_2773-2048x1536.jpg 2048w\" sizes=\"auto, (max-width: 1024px) 100vw, 1024px\" \/><\/a><\/figure>\n\n\n\n<figure class=\"wp-block-image size-large is-style-rounded\"><a href=\"http:\/\/an-medical.pl\/wp-content\/uploads\/2023\/01\/IMG_2823.jpg\"><img loading=\"lazy\" decoding=\"async\" width=\"1024\" height=\"681\" data-id=\"186\" src=\"http:\/\/an-medical.pl\/wp-content\/uploads\/2023\/01\/IMG_2823-1024x681.jpg\" alt=\"\" class=\"wp-image-186\" srcset=\"http:\/\/an-medical.pl\/wp-content\/uploads\/2023\/01\/IMG_2823-1024x681.jpg 1024w, http:\/\/an-medical.pl\/wp-content\/uploads\/2023\/01\/IMG_2823-300x200.jpg 300w, http:\/\/an-medical.pl\/wp-content\/uploads\/2023\/01\/IMG_2823-768x511.jpg 768w, http:\/\/an-medical.pl\/wp-content\/uploads\/2023\/01\/IMG_2823-1536x1022.jpg 1536w, http:\/\/an-medical.pl\/wp-content\/uploads\/2023\/01\/IMG_2823.jpg 2000w\" sizes=\"auto, (max-width: 1024px) 100vw, 1024px\" \/><\/a><\/figure>\n\n\n\n<figure class=\"wp-block-image size-large is-style-rounded\"><a href=\"http:\/\/an-medical.pl\/wp-content\/uploads\/2023\/01\/IMG_2862-scaled.jpg\"><img loading=\"lazy\" decoding=\"async\" width=\"1024\" height=\"768\" data-id=\"187\" src=\"http:\/\/an-medical.pl\/wp-content\/uploads\/2023\/01\/IMG_2862-1024x768.jpg\" alt=\"\" class=\"wp-image-187\" srcset=\"http:\/\/an-medical.pl\/wp-content\/uploads\/2023\/01\/IMG_2862-1024x768.jpg 1024w, http:\/\/an-medical.pl\/wp-content\/uploads\/2023\/01\/IMG_2862-300x225.jpg 300w, http:\/\/an-medical.pl\/wp-content\/uploads\/2023\/01\/IMG_2862-768x576.jpg 768w, http:\/\/an-medical.pl\/wp-content\/uploads\/2023\/01\/IMG_2862-1536x1152.jpg 1536w, http:\/\/an-medical.pl\/wp-content\/uploads\/2023\/01\/IMG_2862-2048x1536.jpg 2048w\" sizes=\"auto, (max-width: 1024px) 100vw, 1024px\" \/><\/a><\/figure>\n<\/figure>\n\n\n\n<p class=\"has-text-align-center\"><strong>Przyk\u0142adowe konfiguracje zespo\u0142\u00f3w<\/strong><\/p>\n\n\n\n<p class=\"has-text-align-center\"><strong>Zesp\u00f3\u0142 P<\/strong><\/p>\n\n\n\n<p class=\"has-text-align-center\">Ambulans + 2 ratownik\u00f3w medycznych<\/p>\n\n\n\n<p class=\"has-text-align-center\"><strong>Zesp\u00f3\u0142 S<\/strong><\/p>\n\n\n\n<p class=\"has-text-align-center\">Ambulans + 2 ratownik\u00f3w medycznych + lekarz<\/p>\n\n\n\n<p class=\"has-text-align-center\">Lub<\/p>\n\n\n\n<p class=\"has-text-align-center\">Ambulans + 3 ratownik\u00f3w medycznych<\/p>\n\n\n\n<p class=\"has-text-align-center\"><strong>Zesp\u00f3\u0142 T<\/strong><\/p>\n\n\n\n<p class=\"has-text-align-center\">Ambulans + kierowca\/ratownik KPP + ratownik medyczny<\/p>\n\n\n\n<p class=\"has-text-align-center\"><strong>Patrol Pieszy<\/strong><\/p>\n\n\n\n<p class=\"has-text-align-center\">2 ratownik\u00f3w medycznych z wyposa\u017ceniem<\/p>\n\n\n\n<p class=\"has-text-align-center\">Lub<\/p>\n\n\n\n<p class=\"has-text-align-center\">2 ratownik\u00f3w KPP z wyposa\u017ceniem<\/p>\n\n\n\n<p class=\"has-text-align-center\"><strong>Punkt Medyczny<\/strong><\/p>\n\n\n\n<p class=\"has-text-align-center\">Namiot (4,5x3m) z wyposa\u017ceniem + 2 ratownik\u00f3w<\/p>\n\n\n\n<p class=\"has-text-align-center\">medycznych \/ 2 piel\u0119gniarki<\/p>\n\n\n\n<p>Je\u017celi impreza masowa jest organizowana powy\u017cej 10 tys. Os\u00f3b jeste\u015bmy w stanie zorganizowa\u0107 szpital polowy z pe\u0142nym wyposa\u017ceniem.<\/p>\n","protected":false},"excerpt":{"rendered":"<p>Zabezpieczamy medycznie wydarzenia kulturowe, sportowe oraz imprezy masowe. Staramy si\u0119 dostosowa\u0107 konfiguracj\u0119 zespo\u0142\u00f3w do potrzeb wydarzenia i posi\u0142kujemy si\u0119 w tym Rozporz\u0105dzeniem Ministra Zdrowia z dnia 6 lutego 2012 r. w sprawie minimalnych wymaga\u0144 dotycz\u0105cych zabezpieczenia pod wzgl\u0119dem medycznym imprezy masowej. Przyk\u0142adowe konfiguracje zespo\u0142\u00f3w Zesp\u00f3\u0142 P Ambulans + 2 ratownik\u00f3w medycznych Zesp\u00f3\u0142 S Ambulans +<br \/><a class=\"moretag\" href=\"http:\/\/an-medical.pl\/index.php\/zabezpieczenia-medyczne\/\">+ Read More<\/a><\/p>\n","protected":false},"author":1,"featured_media":142,"parent":0,"menu_order":0,"comment_status":"closed","ping_status":"closed","template":"","meta":{"footnotes":""},"class_list":["post-39","page","type-page","status-publish","has-post-thumbnail","hentry"],"_links":{"self":[{"href":"http:\/\/an-medical.pl\/index.php\/wp-json\/wp\/v2\/pages\/39","targetHints":{"allow":["GET"]}}],"collection":[{"href":"http:\/\/an-medical.pl\/index.php\/wp-json\/wp\/v2\/pages"}],"about":[{"href":"http:\/\/an-medical.pl\/index.php\/wp-json\/wp\/v2\/types\/page"}],"author":[{"embeddable":true,"href":"http:\/\/an-medical.pl\/index.php\/wp-json\/wp\/v2\/users\/1"}],"replies":[{"embeddable":true,"href":"http:\/\/an-medical.pl\/index.php\/wp-json\/wp\/v2\/comments?post=39"}],"version-history":[{"count":4,"href":"http:\/\/an-medical.pl\/index.php\/wp-json\/wp\/v2\/pages\/39\/revisions"}],"predecessor-version":[{"id":215,"href":"http:\/\/an-medical.pl\/index.php\/wp-json\/wp\/v2\/pages\/39\/revisions\/215"}],"wp:featuredmedia":[{"embeddable":true,"href":"http:\/\/an-medical.pl\/index.php\/wp-json\/wp\/v2\/media\/142"}],"wp:attachment":[{"href":"http:\/\/an-medical.pl\/index.php\/wp-json\/wp\/v2\/media?parent=39"}],"curies":[{"name":"wp","href":"https:\/\/api.w.org\/{rel}","templated":true}]}}